{"id":3188,"date":"2025-01-22T07:53:23","date_gmt":"2025-01-22T07:53:23","guid":{"rendered":"https:\/\/caro.make-your-web.com\/?page_id=3188"},"modified":"2025-06-30T12:33:23","modified_gmt":"2025-06-30T12:33:23","slug":"impressum","status":"publish","type":"page","link":"https:\/\/caro.make-your-web.com\/en\/impressum\/","title":{"rendered":"Impressum"},"content":{"rendered":"<div class=\"fusion-fullwidth fullwidth-box fusion-builder-row-1 fusion-flex-container has-pattern-background has-mask-background nonhundred-percent-fullwidth non-hundred-percent-height-scrolling\" style=\"--awb-border-radius-top-left:0px;--awb-border-radius-top-right:0px;--awb-border-radius-bottom-right:0px;--awb-border-radius-bottom-left:0px;--awb-flex-wrap:wrap;\" ><div class=\"fusion-builder-row fusion-row fusion-flex-align-items-flex-start fusion-flex-content-wrap\" style=\"max-width:95.68%;margin-left: calc(-4% \/ 2 );margin-right: calc(-4% \/ 2 );\"><div class=\"fusion-layout-column fusion_builder_column fusion-builder-column-0 fusion_builder_column_1_1 1_1 fusion-flex-column\" style=\"--awb-bg-size:cover;--awb-width-large:100%;--awb-margin-top-large:0px;--awb-spacing-right-large:1.92%;--awb-margin-bottom-large:0px;--awb-spacing-left-large:1.92%;--awb-width-medium:100%;--awb-order-medium:0;--awb-spacing-right-medium:1.92%;--awb-spacing-left-medium:1.92%;--awb-width-small:100%;--awb-order-small:0;--awb-spacing-right-small:1.92%;--awb-spacing-left-small:1.92%;\"><div class=\"fusion-column-wrapper fusion-column-has-shadow fusion-flex-justify-content-flex-start fusion-content-layout-column\"><div class=\"fusion-text fusion-text-1\"><h4 class=\"et_pb_module_header et-fb-editable-element et-fb-editable-element__editing fusion-responsive-typography-calculated\" contenteditable=\"true\" data-shortcode-id=\"0.1.0.0-1717085437537\" data-quickaccess-id=\"header\" data-fontsize=\"24\" style=\"--fontSize: 24; line-height: 1.12; --minFontSize: 24;\" data-lineheight=\"26.88px\">KONTAKT<\/h4>\n<p class=\"c0\"><span class=\"c1\">Caroline Grewar-Brinkhoff<br \/><\/span><span class=\"c1\"><span class=\"c6\"><a class=\"c5\" href=\"mailto:hallo@wundrig.ch\">caroline@idy.marketing<\/a><\/span> <\/span><\/p>\n<div class=\"heading-small-title\">\n<h4 class=\"et_pb_module_header et-fb-editable-element et-fb-editable-element__editing fusion-responsive-typography-calculated\" contenteditable=\"true\" data-shortcode-id=\"0.1.0.0-1717085437537\" data-quickaccess-id=\"header\" data-fontsize=\"24\" style=\"--fontSize: 24; line-height: 1.12; --minFontSize: 24;\" data-lineheight=\"26.88px\">ADRESSE<\/h4>\n<\/div>\n<p>idy Storytelling GmbH<br \/>M\u00f6rlerstrasse 32<br \/>8248 Uhwiesen<\/p>\n<p><a href=\"https:\/\/zh.chregister.ch\/cr-portal\/auszug\/auszug.xhtml?uid=CHE-443.729.778\" target=\"_blank\" rel=\"nofollow noopener\">Eintrag im Handelsregister des Kanton Z\u00fcrich<\/a><\/p>\n<p>MwSt.-Nummer: CHE-443.729.778<\/p>\n<h2 data-fontsize=\"40\" style=\"--fontSize: 40; line-height: 1.12;\" data-lineheight=\"44.8px\" class=\"fusion-responsive-typography-calculated\">Haftungsausschluss<\/h2>\n<p>Die Autorinnen \u00fcbernehmen keinerlei Gew\u00e4hr hinsichtlich der inhaltlichen Richtigkeit, Genauigkeit, Aktualit\u00e4t, Zuverl\u00e4ssigkeit und Vollst\u00e4ndigkeit der Informationen. Haftungsanspr\u00fcche gegen die Autorinnen wegen Sch\u00e4den materieller oder immaterieller Art, welche aus dem Zugriff oder der Nutzung bzw. Nichtnutzung der ver\u00f6ffentlichten Informationen, durch Missbrauch der Verbindung oder durch technische St\u00f6rungen entstanden sind, werden ausgeschlossen. Alle Angebote sind unverbindlich. Die Autorinnen beh\u00e4lt es sich ausdr\u00fccklich vor, Teile der Seiten oder das gesamte Angebot ohne gesonderte Ank\u00fcndigung zu ver\u00e4ndern, zu erg\u00e4nzen, zu l\u00f6schen oder die Ver\u00f6ffentlichung zeitweise oder endg\u00fcltig einzustellen. Haftung f\u00fcr Links, Verweise und Links auf Webseiten Dritter liegen ausserhalb unseres Verantwortungsbereichs Es wird jegliche Verantwortung f\u00fcr solche Webseiten abgelehnt. Der Zugriff und die Nutzung solcher Webseiten erfolgen auf eigene Gefahr des Nutzers oder der Nutzerin.<\/p>\n<div class=\"et_pb_blurb_description\">\n<p> <span style=\"background-color: rgba(0, 0, 0, 0); color: rgb(0, 0, 0); font-family: 'DM Serif Display', Georgia, serif; font-size: 24px; letter-spacing: 0.36px;\">URHEBERRECHT<\/span><\/p>\n<p class=\"c0\"><span class=\"c1\">Alle Bilder, Aufnahmen sowie Textinhalte auf dieser Webseite unterliegen dem Urheberrecht. Jegliche Vervielf\u00e4ltigung, Verbreitung bzw. sonstige Art der Verwendung des Materials bedarf einer ausdr\u00fccklichen vorherigen schriftlichen Genehmigung des Urhebers.<\/span><\/p>\n<p class=\"c0\">Die Bilder stammen von folgenden Fotografinnen: <a href=\"https:\/\/www.andreasfeusi.ch\/\" target=\"_blank\" rel=\"noopener noreferrer\">Andreas Feusi<\/a> (Headerbild Startseite), <a href=\"https:\/\/www.maxwellartphotography.com\/\" target=\"_blank\" rel=\"noopener noreferrer\">Maximiliane <\/a><a href=\"https:\/\/www.maxwellartphotography.com\/\" target=\"_blank\" rel=\"noopener noreferrer\">Egli<\/a><a href=\"https:\/\/www.maxwellartphotography.com\/\" target=\"_blank\" rel=\"noopener noreferrer\"> (Portraits)<\/a>, <a href=\"\/en\/mhoch2.ch\/\" target=\"_blank\" rel=\"noopener noreferrer\">Martina Heuberger mhoch2 Photography<\/a>, <a href=\"\/en\/lety.ch\/\" target=\"_blank\" rel=\"noopener noreferrer\">Letizia <\/a><a href=\"\/en\/lety.ch\/\" target=\"_blank\" rel=\"noopener noreferrer\">H\u00e4ssig<\/a>, <a href=\"\/en\/simoneimhof.com\/\" target=\"_blank\" rel=\"noopener noreferrer\">Simone<\/a><a href=\"\/en\/simoneimhof.com\/\" target=\"_blank\" rel=\"noopener noreferrer\"> Imhof<\/a>.<\/p>\n<p class=\"c0 c4\"><span style=\"color: rgb(0, 0, 0); font-family: 'DM Serif Display', Georgia, serif; font-size: 24px; letter-spacing: 0.36px; background-color: rgba(0, 0, 0, 0);\">DATENSCHUTZERKL\u00c4RUNG<\/span><span style=\"background-color: rgba(0, 0, 0, 0);\"> <\/span><\/p>\n<p class=\"c0\"><strong><span class=\"c1\">Erkl\u00e4rung zur Informationspflicht<\/span><\/strong><\/p>\n<p class=\"c0\"><span class=\"c1\">Der Schutz Ihrer pers\u00f6nlichen Daten ist uns ein besonderes Anliegen. Wir verarbeiten Ihre Daten daher ausschliesslich auf Grundlage der gesetzlichen Bestimmungen (DSGVO, TKG 2003). In diesen Datenschutzinformationen informieren wir Sie \u00fcber die wichtigsten Aspekte der Datenverarbeitung im Rahmen unserer Website.<\/span><\/p>\n<p class=\"c0\"><strong><span class=\"c1\">Kontakt mit uns<\/span><\/strong><\/p>\n<p class=\"c0\"><span class=\"c1\">Wenn Sie per Formular auf der Website oder per E-Mail Kontakt mit uns aufnehmen, werden Ihre angegebenen Daten zwecks Bearbeitung der Anfrage und f\u00fcr den Fall von Anschlussfragen sechs Monate bei uns gespeichert. Diese Daten geben wir nicht ohne Ihre Einwilligung weiter.<\/span><\/p>\n<p class=\"c0\"><strong><span class=\"c1\">Ihre Rechte<\/span><\/strong><\/p>\n<p class=\"c0\"><span class=\"c1\">Ihnen stehen grunds\u00e4tzlich die Rechte auf Auskunft, Berichtigung, L\u00f6schung, Einschr\u00e4nkung, Daten\u00fcbertragbarkeit, Widerruf und Widerspruch zu. Wenn Sie glauben, dass die Verarbeitung Ihrer Daten gegen das Datenschutzrecht verst\u00f6\u00dft oder Ihre datenschutzrechtlichen Anspr\u00fcche sonst in einer Weise verletzt worden sind, k\u00f6nnen Sie sich bei der Aufsichtsbeh\u00f6rde beschweren. Im Kanton Z\u00fcrich k\u00f6nnen Sie <a href=\"https:\/\/www.datenschutz.ch\/datenschutz-in-oeffentlichen-organen\/datenschutzvorfall-melden\">hier<\/a> einen Datenschutzvorfall melden. <\/span><\/p>\n<\/div>\n<\/div><\/div><\/div><\/div><\/div>","protected":false},"excerpt":{"rendered":"","protected":false},"author":2,"featured_media":0,"parent":0,"menu_order":0,"comment_status":"closed","ping_status":"closed","template":"","meta":{"footnotes":""},"class_list":["post-3188","page","type-page","status-publish","hentry"],"_links":{"self":[{"href":"https:\/\/caro.make-your-web.com\/en\/wp-json\/wp\/v2\/pages\/3188","targetHints":{"allow":["GET"]}}],"collection":[{"href":"https:\/\/caro.make-your-web.com\/en\/wp-json\/wp\/v2\/pages"}],"about":[{"href":"https:\/\/caro.make-your-web.com\/en\/wp-json\/wp\/v2\/types\/page"}],"author":[{"embeddable":true,"href":"https:\/\/caro.make-your-web.com\/en\/wp-json\/wp\/v2\/users\/2"}],"replies":[{"embeddable":true,"href":"https:\/\/caro.make-your-web.com\/en\/wp-json\/wp\/v2\/comments?post=3188"}],"version-history":[{"count":4,"href":"https:\/\/caro.make-your-web.com\/en\/wp-json\/wp\/v2\/pages\/3188\/revisions"}],"predecessor-version":[{"id":3407,"href":"https:\/\/caro.make-your-web.com\/en\/wp-json\/wp\/v2\/pages\/3188\/revisions\/3407"}],"wp:attachment":[{"href":"https:\/\/caro.make-your-web.com\/en\/wp-json\/wp\/v2\/media?parent=3188"}],"curies":[{"name":"wp","href":"https:\/\/api.w.org\/{rel}","templated":true}]}}